{"id":1073,"date":"2022-07-12T02:20:57","date_gmt":"2022-07-12T02:20:57","guid":{"rendered":"http:\/\/glampingenlacalera.com\/?page_id=1073"},"modified":"2022-07-12T02:23:56","modified_gmt":"2022-07-12T02:23:56","slug":"terminos-y-condiciones","status":"publish","type":"page","link":"http:\/\/glampingenlacalera.com\/?page_id=1073&lang=es","title":{"rendered":"T\u00e9rminos y Condiciones"},"content":{"rendered":"\t\t<div data-elementor-type=\"wp-page\" data-elementor-id=\"1073\" class=\"elementor elementor-1073\">\n\t\t\t\t\t\t\t\t\t<section class=\"elementor-section elementor-top-section elementor-element elementor-element-0b6e6d5 elementor-section-boxed elementor-section-height-default elementor-section-height-default\" data-id=\"0b6e6d5\" data-element_type=\"section\">\n\t\t\t\t\t\t<div class=\"elementor-container elementor-column-gap-default\">\n\t\t\t\t\t<div class=\"elementor-column elementor-col-100 elementor-top-column elementor-element elementor-element-8921669\" data-id=\"8921669\" data-element_type=\"column\">\n\t\t\t<div class=\"elementor-widget-wrap elementor-element-populated\">\n\t\t\t\t\t\t\t\t<div class=\"elementor-element elementor-element-4973f46 elementor-widget elementor-widget-text-editor\" data-id=\"4973f46\" data-element_type=\"widget\" data-widget_type=\"text-editor.default\">\n\t\t\t\t<div class=\"elementor-widget-container\">\n\t\t\t<style>\/*! elementor - v3.6.7 - 03-07-2022 *\/\n.elementor-widget-text-editor.elementor-drop-cap-view-stacked .elementor-drop-cap{background-color:#818a91;color:#fff}.elementor-widget-text-editor.elementor-drop-cap-view-framed .elementor-drop-cap{color:#818a91;border:3px solid;background-color:transparent}.elementor-widget-text-editor:not(.elementor-drop-cap-view-default) .elementor-drop-cap{margin-top:8px}.elementor-widget-text-editor:not(.elementor-drop-cap-view-default) .elementor-drop-cap-letter{width:1em;height:1em}.elementor-widget-text-editor .elementor-drop-cap{float:left;text-align:center;line-height:1;font-size:50px}.elementor-widget-text-editor .elementor-drop-cap-letter{display:inline-block}<\/style>\t\t\t\t<p><br \/>\u25cf Para confirmar su reserva deber\u00e1 pagar un anticipo del 50% del valor total de la estad\u00eda, recuerde que sin este anticipo no se reservara ni se asegura su estad\u00eda, esto dando como resultado que otro cliente pueda elegir dicha fecha.<br \/>\u25cf La reserva no ser\u00e1 confirmada hasta que ECO CABA\u00d1AS EL ABUELO haya recibido su dep\u00f3sito y el cliente nos envi\u00e9 el comprobante de pago y datos de reserva. <br \/>\u25cf La cantidad remanente ser\u00e1 pagada en efectivo o mediante transferencia bancaria como m\u00e1ximo el d\u00eda de reserva antes de su ingreso a la caba\u00f1a.<br \/><b>PROCEDIMIENTO DE LLEGADA<\/b><br \/>\u25cf La confirmaci\u00f3n de reserva contiene los detalles del procedimiento de registro y directrices de su llegada. <br \/>\u25cf El Check in ser\u00e1 a partir de las 2:pm. <br \/>\u25cf El Check-out ser\u00e1 a las 12:00 pm. Del d\u00eda de su salida<br \/>\u25cf Si adquiri\u00f3 uno de nuestros paquetes con decoraci\u00f3n o actividades por favor debe indicarnos su hora de llegada.<br \/><b>POL\u00cdTICAS DE CANCELACI\u00d3N O ANULACI\u00d3N<\/b><br \/>Cualquier cancelaci\u00f3n y reprogramaci\u00f3n est\u00e1 sujeta a lo indicado a continuaci\u00f3n:<br \/>1. <u>Cancelaci\u00f3n<\/u><br \/>\u2022 En caso de generar una cancelaci\u00f3n de la actividad, esta se dar\u00e1 con una multa del 50% del valor total del alquiler, con lo anterior dado por entendido no se realizar\u00e1 reembolso ni reintegro parcial o total del valo consignado en la reserva.<br \/>\u2022 Se da como opci\u00f3n al cliente hacer un cambio de hu\u00e9spedes o reprogramaci\u00f3n de la actividad <br \/>2. <u>Reprogramaci\u00f3n<\/u><br \/>\u2022 En el caso de no poder asistir el d\u00eda de alquiler reservado podr\u00e1 reprogramar una \u00fanica vez la fecha de reserva, teniendo agenda de m\u00e1ximo un mes para el d\u00eda de la nueva reserva, debe tener en cuenta que la fecha solicitada de reprogramaci\u00f3n est\u00e1 sujeta a disponibilidad. <br \/>\u27a2 Condiciones de reprogramaci\u00f3n:<br \/>\u27a2 Se debe informar m\u00e1ximo 3 d\u00edas antes de la fecha programada<br \/>\u27a2 Se tendr\u00e1 que pagar una multa de 80.000 pesos para realizar la reprogramaci\u00f3n<br \/>\u27a2 Si no se cumple con las anteriores condiciones se dar\u00e1 como cancelada la actividad (leer punto 1 <br \/>cancelaciones).<\/p><p><u><b>Aviso<\/b><\/u>: si est\u00e1| de acuerdo con nuestras pol\u00edticas, t\u00e9rminos y condiciones ,por favor continue con el proceso de reserva, de no estar seguro de tomar la actividad o fecha de reserva recomendamos tener encuneta lo anterior mencionado y asegurarse antes de realizar o continuar con el agendamiento y reserva de su estad\u00eda.<\/p>\t\t\t\t\t\t<\/div>\n\t\t\t\t<\/div>\n\t\t\t\t\t<\/div>\n\t\t<\/div>\n\t\t\t\t\t\t\t<\/div>\n\t\t<\/section>\n\t\t\t\t\t\t\t<\/div>\n\t\t","protected":false},"excerpt":{"rendered":"<p>\u25cf Para confirmar su reserva deber\u00e1 pagar un anticipo del 50% del valor total de la estad\u00eda, recuerde que sin este anticipo no se reservara ni se asegura su estad\u00eda, esto dando como resultado que otro cliente pueda elegir dicha fecha.\u25cf La reserva no ser\u00e1 confirmada hasta que ECO CABA\u00d1AS EL ABUELO haya recibido su [&hellip;]<\/p>\n","protected":false},"author":1,"featured_media":0,"parent":0,"menu_order":0,"comment_status":"closed","ping_status":"closed","template":"template-boxed.php","meta":{"_monsterinsights_skip_tracking":false,"_monsterinsights_sitenote_active":false,"_monsterinsights_sitenote_note":"","_monsterinsights_sitenote_category":0,"footnotes":""},"class_list":["post-1073","page","type-page","status-publish","hentry"],"yoast_head":"<!-- This site is optimized with the Yoast SEO Premium plugin v23.6 (Yoast SEO v23.6) - https:\/\/yoast.com\/wordpress\/plugins\/seo\/ -->\n<title>T\u00e9rminos y Condiciones - Eco caba\u00f1as el Abuelo<\/title>\n<meta name=\"robots\" content=\"index, follow, max-snippet:-1, max-image-preview:large, max-video-preview:-1\" \/>\n<link rel=\"canonical\" href=\"http:\/\/glampingenlacalera.com\/?page_id=1073&lang=es\" \/>\n<meta property=\"og:locale\" content=\"en_US\" \/>\n<meta property=\"og:type\" content=\"article\" \/>\n<meta property=\"og:title\" content=\"T\u00e9rminos y Condiciones\" \/>\n<meta property=\"og:description\" content=\"\u25cf Para confirmar su reserva deber\u00e1 pagar un anticipo del 50% del valor total de la estad\u00eda, recuerde que sin este anticipo no se reservara ni se asegura su estad\u00eda, esto dando como resultado que otro cliente pueda elegir dicha fecha.\u25cf La reserva no ser\u00e1 confirmada hasta que ECO CABA\u00d1AS EL ABUELO haya recibido su [&hellip;]\" \/>\n<meta property=\"og:url\" content=\"http:\/\/glampingenlacalera.com\/?page_id=1073&amp;lang=es\" \/>\n<meta property=\"og:site_name\" content=\"Eco caba\u00f1as el Abuelo\" \/>\n<meta property=\"article:modified_time\" content=\"2022-07-12T02:23:56+00:00\" \/>\n<meta name=\"twitter:card\" content=\"summary_large_image\" \/>\n<meta name=\"twitter:label1\" content=\"Est. reading time\" \/>\n\t<meta name=\"twitter:data1\" content=\"2 minutes\" \/>\n<script type=\"application\/ld+json\" class=\"yoast-schema-graph\">{\"@context\":\"https:\/\/schema.org\",\"@graph\":[{\"@type\":\"WebPage\",\"@id\":\"http:\/\/glampingenlacalera.com\/?page_id=1073&lang=es\",\"url\":\"http:\/\/glampingenlacalera.com\/?page_id=1073&lang=es\",\"name\":\"T\u00e9rminos y Condiciones - Eco caba\u00f1as el Abuelo\",\"isPartOf\":{\"@id\":\"http:\/\/glampingenlacalera.com\/#website\"},\"datePublished\":\"2022-07-12T02:20:57+00:00\",\"dateModified\":\"2022-07-12T02:23:56+00:00\",\"breadcrumb\":{\"@id\":\"http:\/\/glampingenlacalera.com\/?page_id=1073&lang=es#breadcrumb\"},\"inLanguage\":\"en-US\",\"potentialAction\":[{\"@type\":\"ReadAction\",\"target\":[\"http:\/\/glampingenlacalera.com\/?page_id=1073&lang=es\"]}]},{\"@type\":\"BreadcrumbList\",\"@id\":\"http:\/\/glampingenlacalera.com\/?page_id=1073&lang=es#breadcrumb\",\"itemListElement\":[{\"@type\":\"ListItem\",\"position\":1,\"name\":\"Home\",\"item\":\"https:\/\/glampingenlacalera.com\/\"},{\"@type\":\"ListItem\",\"position\":2,\"name\":\"T\u00e9rminos y Condiciones\"}]},{\"@type\":\"WebSite\",\"@id\":\"http:\/\/glampingenlacalera.com\/#website\",\"url\":\"http:\/\/glampingenlacalera.com\/\",\"name\":\"Eco caba\u00f1as el Abuelo\",\"description\":\"Glamping la Calera\",\"publisher\":{\"@id\":\"http:\/\/glampingenlacalera.com\/#organization\"},\"potentialAction\":[{\"@type\":\"SearchAction\",\"target\":{\"@type\":\"EntryPoint\",\"urlTemplate\":\"http:\/\/glampingenlacalera.com\/?s={search_term_string}\"},\"query-input\":{\"@type\":\"PropertyValueSpecification\",\"valueRequired\":true,\"valueName\":\"search_term_string\"}}],\"inLanguage\":\"en-US\"},{\"@type\":\"Organization\",\"@id\":\"http:\/\/glampingenlacalera.com\/#organization\",\"name\":\"Eco caba\u00f1as el Abuelo\",\"url\":\"http:\/\/glampingenlacalera.com\/\",\"logo\":{\"@type\":\"ImageObject\",\"inLanguage\":\"en-US\",\"@id\":\"http:\/\/glampingenlacalera.com\/#\/schema\/logo\/image\/\",\"url\":\"http:\/\/glampingenlacalera.com\/wp-content\/uploads\/2022\/07\/cropped-LOGO-FINAL-CABANAS-Pequeno.png\",\"contentUrl\":\"http:\/\/glampingenlacalera.com\/wp-content\/uploads\/2022\/07\/cropped-LOGO-FINAL-CABANAS-Pequeno.png\",\"width\":100,\"height\":83,\"caption\":\"Eco caba\u00f1as el Abuelo\"},\"image\":{\"@id\":\"http:\/\/glampingenlacalera.com\/#\/schema\/logo\/image\/\"}}]}<\/script>\n<!-- \/ Yoast SEO Premium plugin. -->","yoast_head_json":{"title":"T\u00e9rminos y Condiciones - Eco caba\u00f1as el Abuelo","robots":{"index":"index","follow":"follow","max-snippet":"max-snippet:-1","max-image-preview":"max-image-preview:large","max-video-preview":"max-video-preview:-1"},"canonical":"http:\/\/glampingenlacalera.com\/?page_id=1073&lang=es","og_locale":"en_US","og_type":"article","og_title":"T\u00e9rminos y Condiciones","og_description":"\u25cf Para confirmar su reserva deber\u00e1 pagar un anticipo del 50% del valor total de la estad\u00eda, recuerde que sin este anticipo no se reservara ni se asegura su estad\u00eda, esto dando como resultado que otro cliente pueda elegir dicha fecha.\u25cf La reserva no ser\u00e1 confirmada hasta que ECO CABA\u00d1AS EL ABUELO haya recibido su [&hellip;]","og_url":"http:\/\/glampingenlacalera.com\/?page_id=1073&lang=es","og_site_name":"Eco caba\u00f1as el Abuelo","article_modified_time":"2022-07-12T02:23:56+00:00","twitter_card":"summary_large_image","twitter_misc":{"Est. reading time":"2 minutes"},"schema":{"@context":"https:\/\/schema.org","@graph":[{"@type":"WebPage","@id":"http:\/\/glampingenlacalera.com\/?page_id=1073&lang=es","url":"http:\/\/glampingenlacalera.com\/?page_id=1073&lang=es","name":"T\u00e9rminos y Condiciones - Eco caba\u00f1as el Abuelo","isPartOf":{"@id":"http:\/\/glampingenlacalera.com\/#website"},"datePublished":"2022-07-12T02:20:57+00:00","dateModified":"2022-07-12T02:23:56+00:00","breadcrumb":{"@id":"http:\/\/glampingenlacalera.com\/?page_id=1073&lang=es#breadcrumb"},"inLanguage":"en-US","potentialAction":[{"@type":"ReadAction","target":["http:\/\/glampingenlacalera.com\/?page_id=1073&lang=es"]}]},{"@type":"BreadcrumbList","@id":"http:\/\/glampingenlacalera.com\/?page_id=1073&lang=es#breadcrumb","itemListElement":[{"@type":"ListItem","position":1,"name":"Home","item":"https:\/\/glampingenlacalera.com\/"},{"@type":"ListItem","position":2,"name":"T\u00e9rminos y Condiciones"}]},{"@type":"WebSite","@id":"http:\/\/glampingenlacalera.com\/#website","url":"http:\/\/glampingenlacalera.com\/","name":"Eco caba\u00f1as el Abuelo","description":"Glamping la Calera","publisher":{"@id":"http:\/\/glampingenlacalera.com\/#organization"},"potentialAction":[{"@type":"SearchAction","target":{"@type":"EntryPoint","urlTemplate":"http:\/\/glampingenlacalera.com\/?s={search_term_string}"},"query-input":{"@type":"PropertyValueSpecification","valueRequired":true,"valueName":"search_term_string"}}],"inLanguage":"en-US"},{"@type":"Organization","@id":"http:\/\/glampingenlacalera.com\/#organization","name":"Eco caba\u00f1as el Abuelo","url":"http:\/\/glampingenlacalera.com\/","logo":{"@type":"ImageObject","inLanguage":"en-US","@id":"http:\/\/glampingenlacalera.com\/#\/schema\/logo\/image\/","url":"http:\/\/glampingenlacalera.com\/wp-content\/uploads\/2022\/07\/cropped-LOGO-FINAL-CABANAS-Pequeno.png","contentUrl":"http:\/\/glampingenlacalera.com\/wp-content\/uploads\/2022\/07\/cropped-LOGO-FINAL-CABANAS-Pequeno.png","width":100,"height":83,"caption":"Eco caba\u00f1as el Abuelo"},"image":{"@id":"http:\/\/glampingenlacalera.com\/#\/schema\/logo\/image\/"}}]}},"_links":{"self":[{"href":"http:\/\/glampingenlacalera.com\/index.php?rest_route=\/wp\/v2\/pages\/1073","targetHints":{"allow":["GET"]}}],"collection":[{"href":"http:\/\/glampingenlacalera.com\/index.php?rest_route=\/wp\/v2\/pages"}],"about":[{"href":"http:\/\/glampingenlacalera.com\/index.php?rest_route=\/wp\/v2\/types\/page"}],"author":[{"embeddable":true,"href":"http:\/\/glampingenlacalera.com\/index.php?rest_route=\/wp\/v2\/users\/1"}],"replies":[{"embeddable":true,"href":"http:\/\/glampingenlacalera.com\/index.php?rest_route=%2Fwp%2Fv2%2Fcomments&post=1073"}],"version-history":[{"count":8,"href":"http:\/\/glampingenlacalera.com\/index.php?rest_route=\/wp\/v2\/pages\/1073\/revisions"}],"predecessor-version":[{"id":1081,"href":"http:\/\/glampingenlacalera.com\/index.php?rest_route=\/wp\/v2\/pages\/1073\/revisions\/1081"}],"wp:attachment":[{"href":"http:\/\/glampingenlacalera.com\/index.php?rest_route=%2Fwp%2Fv2%2Fmedia&parent=1073"}],"curies":[{"name":"wp","href":"https:\/\/api.w.org\/{rel}","templated":true}]}}